{"id":37290,"date":"2022-11-16T03:46:01","date_gmt":"2022-11-16T03:46:01","guid":{"rendered":"https:\/\/www.totara.com\/employee-development-retention\/"},"modified":"2025-01-29T15:37:14","modified_gmt":"2025-01-29T15:37:14","slug":"desarrollo-y-fidelizacion-de-empleados","status":"publish","type":"page","link":"https:\/\/www.totara.com\/es\/desarrollo-y-fidelizacion-de-empleados\/","title":{"rendered":"Desarrollo y fidelizaci\u00f3n de empleados"},"content":{"rendered":"\n<div class='standard-header-container themePurple ' style=\"\">\n  <div class='backgroundImageWrapper'>\n    <img decoding=\"async\"\n      class='backgroundImage' \n      loading=\"lazy\"\n      src=\"https:\/\/www.totara.com\/wp-content\/themes\/totara\/assets\/images\/bg-standard-hero-purple.png\"  \n      sizes=\"100vw\"\n      alt=\"Background pattern\"\n    \/>\n  <\/div>\n  <div class='wrapper'>\n    <div class='detailsWrapper'>\n      <div class='details'>\n                          <h1 class='title  fontLight'>Desarrollo y fidelizaci\u00f3n de empleados\n<\/h1>\n                          <p class='description fontLight'>Aseg\u00farate de que tu personal desarrolle las habiliades adecuadas para su trabajo. <\/p>\n                      <\/div>\n    <\/div>\n    \n          <div class='images numberOfImages1'>\n              <div class='imageWrapper'>\n          <div class='image-container' style='padding-bottom: calc(100% \/ (464 \/ 343));'>\n                          <img decoding=\"async\" \n                class='image'\n                loading=\"lazy\"\n                src=\"https:\/\/www.totara.com\/wp-content\/uploads\/2022\/11\/Stocksy_txp8bf5f2edk8Z300_OriginalDelivery_811642_edited-768x513.jpg\"  \n                alt=\"\"\n                srcset=\"https:\/\/www.totara.com\/wp-content\/uploads\/2022\/11\/Stocksy_txp8bf5f2edk8Z300_OriginalDelivery_811642_edited-768x513.jpg 768w, https:\/\/www.totara.com\/wp-content\/uploads\/2022\/11\/Stocksy_txp8bf5f2edk8Z300_OriginalDelivery_811642_edited-300x200.jpg 300w, https:\/\/www.totara.com\/wp-content\/uploads\/2022\/11\/Stocksy_txp8bf5f2edk8Z300_OriginalDelivery_811642_edited-1024x683.jpg 1024w, https:\/\/www.totara.com\/wp-content\/uploads\/2022\/11\/Stocksy_txp8bf5f2edk8Z300_OriginalDelivery_811642_edited-1536x1025.jpg 1536w, https:\/\/www.totara.com\/wp-content\/uploads\/2022\/11\/Stocksy_txp8bf5f2edk8Z300_OriginalDelivery_811642_edited-2048x1367.jpg 2048w\"\n                sizes=\"(max-width: 768px) 100vw, 768px\"\n              \/>\n                      <\/div>\n        <\/div>\n            <\/div>\n        \n  <\/div>\n<\/div>\n\n\n<div class=\"feature-text-block-container themePurple\">\n  <div class=\"wrapper\">\n          <div class='text'>\n        \u00bfTus gerentes saben comunicarse de manera efectiva? <span style=\"font-weight: 400;\">\u00bfLos ingenieros de tu empresa operan los equipos de manera segura?\u00a0<\/span>\u00bfEl equipo de atenci\u00f3n al cliente se encarga de dar visibilidad a tu marca?\n      <\/div>\n      <\/div>\n<\/div>\n\n\n<div class='text-block-container autoMobileAlignment autoDesktopAlignment'>\n  <div class='wrapper'>\n    <div class='richText'>\n      <p class=\"large\">Los profesionales de hoy consideran que el desarrollo es parte de sus funciones. Las <strong>competencias<\/strong> requeridas ofrecen un enfoque claro para determinar las habilidades y los comportamientos necesarios para desempe\u00f1arse eficazmente en el trabajo.<\/p>\n    <\/div>\n      <\/div>\n<\/div>\n\n\n<div class=\"content-grid-container\">\n            <div class=\"gridTile centered- has-light-grey-background-color\">\n                  <img decoding=\"async\" \n            src=\"https:\/\/www.totara.com\/wp-content\/uploads\/2022\/11\/connect-2-01.png\"\n            alt=\"\"\n            loading=\"lazy\"\n          \/>\n                          <h3 class=\"title has-dark-color\">Conocimiento compartido<\/h3>\n                          <div class=\"description has-dark-color\">Estandariza la evaluaci\u00f3n de competencias en la organizaci\u00f3n.\n<\/div>\n                      <\/div>\n          <div class=\"gridTile centered- has-light-grey-background-color\">\n                  <img decoding=\"async\" \n            src=\"https:\/\/www.totara.com\/wp-content\/uploads\/2022\/11\/f-chat-2-01-e1669765898569.png\"\n            alt=\"\"\n            loading=\"lazy\"\n          \/>\n                          <h3 class=\"title has-dark-color\">Visualiza necesidades y oportunidades<\/h3>\n                          <div class=\"description has-dark-color\">Dale a tu equipo una manera clara de hablar sobre las capacidades que necesitan en su cargo.\n<\/div>\n                      <\/div>\n          <div class=\"gridTile centered- has-light-grey-background-color\">\n                  <img decoding=\"async\" \n            src=\"https:\/\/www.totara.com\/wp-content\/uploads\/2022\/11\/arrows-same-direction-2-01.png\"\n            alt=\"\"\n            loading=\"lazy\"\n          \/>\n                          <h3 class=\"title has-dark-color\">Rutas al \u00e9xito<\/h3>\n                          <div class=\"description has-dark-color\">Ayuda a tus gerentes a definir rutas hacia el desarrollo de sus equipos.\n<\/div>\n                      <\/div>\n      <\/div>\n\n\n<div class='text-block-container autoMobileAlignment autoDesktopAlignment'>\n  <div class='wrapper'>\n    <div class='richText'>\n      <h4><span style=\"color: #07262a;\">El proceso para gestionar el desempe\u00f1o de tu equipo<\/span><\/h4>\n    <\/div>\n      <\/div>\n<\/div>\n\n\n<div class='media-block-container'>\n  <div class='wrapper'>\n                  <img decoding=\"async\" \n          loading='lazy'\n          class='image'\n          src=\"https:\/\/www.totara.com\/wp-content\/uploads\/2022\/12\/Performance-management-diagram_simplified-version-1024x494.png\"  \n          alt=\"\"\n          srcset=\"https:\/\/www.totara.com\/wp-content\/uploads\/2022\/12\/Performance-management-diagram_simplified-version.png 1780w, https:\/\/www.totara.com\/wp-content\/uploads\/2022\/12\/Performance-management-diagram_simplified-version-300x145.png 300w, https:\/\/www.totara.com\/wp-content\/uploads\/2022\/12\/Performance-management-diagram_simplified-version-1024x494.png 1024w, https:\/\/www.totara.com\/wp-content\/uploads\/2022\/12\/Performance-management-diagram_simplified-version-768x370.png 768w, https:\/\/www.totara.com\/wp-content\/uploads\/2022\/12\/Performance-management-diagram_simplified-version-1536x740.png 1536w\"\n          sizes=\"(max-width: 1200px) 100vw, 1200px\"\n        \/>\n            <\/div>\n<\/div>\n\n<script>\n  let button = document.getElementById('videoEmbedButton3');\n  let thumbnailContainer = document.getElementById('thumbnail-container');\n  let iframe = document.getElementById('iframe3');\n  let videoURL = '';\n\n  if (button) {\n    button.addEventListener('click', function(e) {\n      e.preventDefault();\n      thumbnailContainer.style.display = 'none';\n      iframe.src = `${videoURL}?autoplay=1&mute=0`;\n    });\n  }\n<\/script>\n\n\n<div class='text-block-container autoMobileAlignment autoDesktopAlignment'>\n  <div class='wrapper'>\n    <div class='richText'>\n      <h4><span style=\"color: #07262a;\">Herramientas de Totara para mejorar las competencias y incrementar el compromiso de tu equipo<\/span><\/h4>\n    <\/div>\n      <\/div>\n<\/div>\n\n\n<div class=\"content-grid-container\">\n            <div class=\"gridTile centered- has-light-grey-background-color\">\n                  <img decoding=\"async\" \n            src=\"https:\/\/www.totara.com\/wp-content\/uploads\/2022\/11\/shape-square-2-01.png\"\n            alt=\"custom branding LMS\"\n            loading=\"lazy\"\n          \/>\n                          <h3 class=\"title has-dark-color\">Marcos de competencias<\/h3>\n                          <div class=\"description has-dark-color\">Organiza las habilidades y comportamientos que necesita tu personal y as\u00edgnalas a individuos o grupos.\n<\/div>\n                      <\/div>\n          <div class=\"gridTile centered- has-light-grey-background-color\">\n                  <img decoding=\"async\" \n            src=\"https:\/\/www.totara.com\/wp-content\/uploads\/2022\/11\/circle-2-01.png\"\n            alt=\"\"\n            loading=\"lazy\"\n          \/>\n                          <h3 class=\"title has-dark-color\">Perfiles de competencias<\/h3>\n                          <div class=\"description has-dark-color\">Facilita a tu personal la autoevaluaci\u00f3n de sus capacidades en tiempo real.\n<\/div>\n                      <\/div>\n          <div class=\"gridTile centered- has-light-grey-background-color\">\n                  <img decoding=\"async\" \n            src=\"https:\/\/www.totara.com\/wp-content\/uploads\/2022\/11\/device-connection-2-01.png\"\n            alt=\"\"\n            loading=\"lazy\"\n          \/>\n                          <h3 class=\"title has-dark-color\">E-learning<\/h3>\n                          <div class=\"description has-dark-color\">Brinda a tu personal la capacitaci\u00f3n que necesita, en el momento y la manera adecuados. Vincula la capacitaci\u00f3n con las competencias necesarias para lograr el conjunto de habilidades ideal.\n<\/div>\n                      <\/div>\n          <div class=\"gridTile centered- has-light-grey-background-color\">\n                  <img decoding=\"async\" \n            src=\"https:\/\/www.totara.com\/wp-content\/uploads\/2022\/11\/multiple-2-01-e1669765835673.png\"\n            alt=\"\"\n            loading=\"lazy\"\n          \/>\n                          <h3 class=\"title has-dark-color\">Aprendizaje colaborativo y social<\/h3>\n                          <div class=\"description has-dark-color\">Utiliza los espacios de trabajo y los foros para crear un espacio apto para la colaboraci\u00f3n y el desarrollo grupal, desde las series de aprendizaje en acci\u00f3n hasta la formaci\u00f3n individualizada.\n<\/div>\n                      <\/div>\n      <\/div>\n\n\n<div class='stats-block-container themeLightBlue'>\n  <div class='wrapper'>\n          <h2 class='title'><span style=\"font-weight: 400;\">Confianza global<\/span><b> en todas las escalas<\/b>\n<\/h2>\n        <div class='stats'>\n                        <div class='stat'>\n            <div class='statTitle'>Clientes<\/div>\n            <div class='statValue'>+1,500<\/div>\n          <\/div>\n                  <div class='stat'>\n            <div class='statTitle'>Usuarios<\/div>\n            <div class='statValue'>20 mill.<\/div>\n          <\/div>\n                  <div class='stat'>\n            <div class='statTitle'>Partners<\/div>\n            <div class='statValue'>+75<\/div>\n          <\/div>\n                  <\/div>\n  <\/div>\n<\/div>\n\n\n<div class=\"content-feature-container themePurple leftDirection fullSize\">\n  <div class='cf-wrapper'>\n    <div class='cf-images'>\n              <div class='cf-featureImage'>\n          <img decoding=\"async\"\n            loading=\"lazy\" \n            class=\"image\"\n            width=\"1009\"\n            height=\"673\"\n            src=\"https:\/\/www.totara.com\/wp-content\/uploads\/2022\/11\/doctors-768x512.jpg\"  \n            alt=\"\"\n            srcset=\"https:\/\/www.totara.com\/wp-content\/uploads\/2022\/11\/doctors.jpg 1009w, https:\/\/www.totara.com\/wp-content\/uploads\/2022\/11\/doctors-300x200.jpg 300w, https:\/\/www.totara.com\/wp-content\/uploads\/2022\/11\/doctors-768x512.jpg 768w\"\n            sizes=\"auto, (max-width: 400px) 100vw, 400px\"\n          \/>\n        <\/div>\n          <\/div>\n    <div class=\"cf-detailsWrapper\">\n      <div class='cf-details'>\n                  <h2 class='cf-title'><span><strong>Aprende c\u00f3mo el NHS del Reino Unido implement\u00f3 un nuevo LMS y una soluci\u00f3n de aprendizaje combinada para el cumplimiento de las normas en menos de 10 semanas.<\/strong>\n<\/span><\/h2>\n                                          <div class='cf-cta'>\n            \n<a id=\"\" class=\"button-link \" target=\"\" href=\"https:\/\/www.totaralearning.com\/en\/customer-stories\/sussex-partnership-nhs-trust\">\n  <span class='container darkPrimaryTheme'>\n    <div><\/div>\n    <div><\/div>\n    <div class='contents'>\n      <span>Aprende m\u00e1s<\/span>\n          <\/div>\n  <\/span>\n<\/a>          <\/div>\n              <\/div>\n    <\/div>\n  <\/div>\n<\/div>\n\n\n<div class=\"related-content_container\">\n  <div class='related-content_linkTitleWrapper'>\n    <h2 class=\"related-content_title\">Contenido relacionado<\/h2>\n      <\/div>\n  <div class=\"related-content_pageTilesWrapper\">\n      \n    <div class=\"page-tile relevanssi-live-search-result\">\n        <a href=\"https:\/\/www.totara.com\/es\/historias-de-clientes\/eular\/\">\n            <div>\n                <div class='image-wrapper'>\n                                                                    <img decoding=\"async\"\n                            class='image cover'\n                            loading=\"lazy\"\n                            src=\"https:\/\/www.totara.com\/wp-content\/uploads\/2022\/11\/eular_Totara_LMS_small.png\"\n                            alt=\"\"\n                            srcset=\"https:\/\/www.totara.com\/wp-content\/uploads\/2022\/11\/eular_Totara_LMS_small.png 402w, https:\/\/www.totara.com\/wp-content\/uploads\/2022\/11\/eular_Totara_LMS_small-225x300.png 225w\"\n                            sizes=\"(max-width: 402px) 100vw, 402px\" \/>\n                                        <div class='category-wrapper'>\n                        <p>Customer Story<\/p>\n                    <\/div>\n                <\/div>\n                <p class='post-date'>\n                                                        <\/p>\n                <h2 class='search-title'>EULAR &#8211; C\u00f3mo Totara define a\u00f1os de evoluci\u00f3n del aprendizaje<\/h2>\n            <\/div>\n            <div class='learn-more-link'>\n                Learn more\n                <svg width=\"20\" height=\"20\" viewBox=\"0 0 20 20\" fill=\"#07262A\" xmlns=\"http:\/\/www.w3.org\/2000\/svg\">\n                    <path fillRule=\"evenodd\" clip-rule=\"evenodd\" d=\"M2 10C2 9.58579 2.33579 9.25 2.75 9.25L15.3879 9.25L10.2302 4.29062C9.93159 4.00353 9.92228 3.52875 10.2094 3.23017C10.4965 2.93159 10.9713 2.92228 11.2698 3.20937L17.7698 9.45937C17.9169 9.60078 18 9.79599 18 10C18 10.204 17.9169 10.3992 17.7698 10.5406L11.2698 16.7906C10.9713 17.0777 10.4965 17.0684 10.2094 16.7698C9.92228 16.4713 9.93159 15.9965 10.2302 15.7094L15.3879 10.75L2.75 10.75C2.33579 10.75 2 10.4142 2 10Z\" \/>\n                <\/svg>\n            <\/div>\n        <\/a>\n    <\/div>\n\n    <div class=\"page-tile relevanssi-live-search-result\">\n        <a href=\"https:\/\/www.totara.com\/es\/historias-de-clientes\/hertfordshire-community-nhs-trust\/\">\n            <div>\n                <div class='image-wrapper'>\n                                                                    <img decoding=\"async\"\n                            class='image cover'\n                            loading=\"lazy\"\n                            src=\"https:\/\/www.totara.com\/wp-content\/uploads\/2022\/11\/Hertfordshire-Community-NHS_Totara_LMS_small.jpg\"\n                            alt=\"\"\n                            srcset=\"https:\/\/www.totara.com\/wp-content\/uploads\/2022\/11\/Hertfordshire-Community-NHS_Totara_LMS_small.jpg 402w, https:\/\/www.totara.com\/wp-content\/uploads\/2022\/11\/Hertfordshire-Community-NHS_Totara_LMS_small-225x300.jpg 225w\"\n                            sizes=\"(max-width: 402px) 100vw, 402px\" \/>\n                                        <div class='category-wrapper'>\n                        <p>Customer Story<\/p>\n                    <\/div>\n                <\/div>\n                <p class='post-date'>\n                                                        <\/p>\n                <h2 class='search-title'>Totara Learn aumenta las tasas de cumplimiento en Hertfordshire Community NHS Trust&#8230; \u00a1y a los usuarios les encanta!<\/h2>\n            <\/div>\n            <div class='learn-more-link'>\n                Learn more\n                <svg width=\"20\" height=\"20\" viewBox=\"0 0 20 20\" fill=\"#07262A\" xmlns=\"http:\/\/www.w3.org\/2000\/svg\">\n                    <path fillRule=\"evenodd\" clip-rule=\"evenodd\" d=\"M2 10C2 9.58579 2.33579 9.25 2.75 9.25L15.3879 9.25L10.2302 4.29062C9.93159 4.00353 9.92228 3.52875 10.2094 3.23017C10.4965 2.93159 10.9713 2.92228 11.2698 3.20937L17.7698 9.45937C17.9169 9.60078 18 9.79599 18 10C18 10.204 17.9169 10.3992 17.7698 10.5406L11.2698 16.7906C10.9713 17.0777 10.4965 17.0684 10.2094 16.7698C9.92228 16.4713 9.93159 15.9965 10.2302 15.7094L15.3879 10.75L2.75 10.75C2.33579 10.75 2 10.4142 2 10Z\" \/>\n                <\/svg>\n            <\/div>\n        <\/a>\n    <\/div>\n\n    <div class=\"page-tile relevanssi-live-search-result\">\n        <a href=\"https:\/\/www.totara.com\/es\/historias-de-clientes\/spar-osterreichische-warenhandels-ag\/\">\n            <div>\n                <div class='image-wrapper'>\n                                                                    <img decoding=\"async\"\n                            class='image cover'\n                            loading=\"lazy\"\n                            src=\"https:\/\/www.totara.com\/wp-content\/uploads\/2022\/11\/How-SPAR-implemented-multitenancy-across-their-learning-and-performance-platform-case-study-tile.png\"\n                            alt=\"\"\n                            srcset=\"https:\/\/www.totara.com\/wp-content\/uploads\/2022\/11\/How-SPAR-implemented-multitenancy-across-their-learning-and-performance-platform-case-study-tile.png 744w, https:\/\/www.totara.com\/wp-content\/uploads\/2022\/11\/How-SPAR-implemented-multitenancy-across-their-learning-and-performance-platform-case-study-tile-300x260.png 300w\"\n                            sizes=\"(max-width: 744px) 100vw, 744px\" \/>\n                                        <div class='category-wrapper'>\n                        <p>Customer Story<\/p>\n                    <\/div>\n                <\/div>\n                <p class='post-date'>\n                                                        <\/p>\n                <h2 class='search-title'>La gesti\u00f3n del rendimiento de SPAR potenciada por Totara<\/h2>\n            <\/div>\n            <div class='learn-more-link'>\n                Learn more\n                <svg width=\"20\" height=\"20\" viewBox=\"0 0 20 20\" fill=\"#07262A\" xmlns=\"http:\/\/www.w3.org\/2000\/svg\">\n                    <path fillRule=\"evenodd\" clip-rule=\"evenodd\" d=\"M2 10C2 9.58579 2.33579 9.25 2.75 9.25L15.3879 9.25L10.2302 4.29062C9.93159 4.00353 9.92228 3.52875 10.2094 3.23017C10.4965 2.93159 10.9713 2.92228 11.2698 3.20937L17.7698 9.45937C17.9169 9.60078 18 9.79599 18 10C18 10.204 17.9169 10.3992 17.7698 10.5406L11.2698 16.7906C10.9713 17.0777 10.4965 17.0684 10.2094 16.7698C9.92228 16.4713 9.93159 15.9965 10.2302 15.7094L15.3879 10.75L2.75 10.75C2.33579 10.75 2 10.4142 2 10Z\" \/>\n                <\/svg>\n            <\/div>\n        <\/a>\n    <\/div>\n\n    <div class=\"page-tile relevanssi-live-search-result\">\n        <a href=\"https:\/\/www.totara.com\/es\/historias-de-clientes\/pizzaexpress-opta-por-un-sistema-de-gestion-del-aprendizaje-personalizado-para-ahorrar\/\">\n            <div>\n                <div class='image-wrapper'>\n                                                                    <img decoding=\"async\"\n                            class='image cover'\n                            loading=\"lazy\"\n                            src=\"https:\/\/www.totara.com\/wp-content\/uploads\/2022\/11\/CS_PizzaExpress_Standard-teaser-402\u2006\u00d7\u2006536px.png\"\n                            alt=\"\"\n                            srcset=\"https:\/\/www.totara.com\/wp-content\/uploads\/2022\/11\/CS_PizzaExpress_Standard-teaser-402\u2006\u00d7\u2006536px.png 402w, https:\/\/www.totara.com\/wp-content\/uploads\/2022\/11\/CS_PizzaExpress_Standard-teaser-402\u2006\u00d7\u2006536px-225x300.png 225w\"\n                            sizes=\"(max-width: 402px) 100vw, 402px\" \/>\n                                        <div class='category-wrapper'>\n                        <p>Customer Story<\/p>\n                    <\/div>\n                <\/div>\n                <p class='post-date'>\n                                                        <\/p>\n                <h2 class='search-title'>PizzaExpress opta por un sistema de gesti\u00f3n del aprendizaje personalizado para ahorrar tiempo, dinero y apoyar sus objetivos organizacionales<\/h2>\n            <\/div>\n            <div class='learn-more-link'>\n                Learn more\n                <svg width=\"20\" height=\"20\" viewBox=\"0 0 20 20\" fill=\"#07262A\" xmlns=\"http:\/\/www.w3.org\/2000\/svg\">\n                    <path fillRule=\"evenodd\" clip-rule=\"evenodd\" d=\"M2 10C2 9.58579 2.33579 9.25 2.75 9.25L15.3879 9.25L10.2302 4.29062C9.93159 4.00353 9.92228 3.52875 10.2094 3.23017C10.4965 2.93159 10.9713 2.92228 11.2698 3.20937L17.7698 9.45937C17.9169 9.60078 18 9.79599 18 10C18 10.204 17.9169 10.3992 17.7698 10.5406L11.2698 16.7906C10.9713 17.0777 10.4965 17.0684 10.2094 16.7698C9.92228 16.4713 9.93159 15.9965 10.2302 15.7094L15.3879 10.75L2.75 10.75C2.33579 10.75 2 10.4142 2 10Z\" \/>\n                <\/svg>\n            <\/div>\n        <\/a>\n    <\/div>\n      \n  <\/div>\n<\/div>\n\n\n<div class='newsletter-hubspot-container themeMidBlue padding-no'>\n  <div class='wrapper'>\n          <div class='image-wrapper'>\n                  <img decoding=\"async\"\n            class='image'\n            loading='lazy'\n            alt=\"Background pattern\" \n            src=\"https:\/\/www.totara.com\/wp-content\/themes\/totara\/assets\/images\/bg-cta-mid-blue.png\"\n            sizes=\"(min-width: 1440px) 708px, (min-width: 768px) 50vw, 100vw\"\n          \/>\n              <\/div>\n    \n    <div class='content-wrapper'>\n              <div class='heading-container'>\n                      <h2 class='title fontLight'>Reg\u00edstrate para recibir el bolet\u00edn de Totara<\/h2>\n                                <div class='description fontLight'>Mant\u00e9nte actualizado con las \u00faltimas noticias, actualizaciones de productos y eventos de Totara.\n<\/div>\n                  <\/div>\n            <div class='form-wrapper grey-background-no'>\n                            <div id=\"hubspot-form-container\">\n            \n\t\t\t\t\t<script>\n\t\t\t\t\t\twindow.hsFormsOnReady = window.hsFormsOnReady || [];\n\t\t\t\t\t\twindow.hsFormsOnReady.push(()=>{\n\t\t\t\t\t\t\thbspt.forms.create({\n\t\t\t\t\t\t\t\tportalId: 3415253,\n\t\t\t\t\t\t\t\tformId: \"ba4b1615-0dd1-4d73-a9d9-7661fdb3acf9\",\n\t\t\t\t\t\t\t\ttarget: \"#hbspt-form-1775408494000-4419005370\",\n\t\t\t\t\t\t\t\tregion: \"na1\",\n\t\t\t\t\t\t\t\t\n\t\t\t\t\t\t})});\n\t\t\t\t\t<\/script>\n\t\t\t\t\t<div class=\"hbspt-form\" id=\"hbspt-form-1775408494000-4419005370\"><\/div>          <\/div>\n          <div id=\"hubspot-fallback-message\" style=\"display: none; padding: 20px; background-color: #f8f9fa; border: 1px solid #dee2e6; border-radius: 8px;\">\n            <p style=\"margin: 0; font-size: 14px;\">\n              This form may be blocked by your browser&#8217;s privacy settings (e.g., Firefox Enhanced Tracking Protection). Please email us at <a href=\"mailto:marketing@totara.com\" style=\"color: #007ab8; text-decoration: none;\">marketing@totara.com<\/a>.\n            <\/p>\n          <\/div>\n                      <\/div>\n    <\/div>\n  <\/div>\n<\/div>\n\n<script>\n  \/\/If the form has a dynamic content field for hubspot automation workflows, it will grab that ACF value and plop it inside of the embedded iframe form\n  jQuery(document).ready(function ($) {\n    let formDetected = false;\n    let fallbackShown = false;\n\n    \/\/ Function to check for HubSpot form and show fallback if needed\n    function checkForHubSpotForm() {\n      const hubspotContainer = document.getElementById('hubspot-form-container');\n      const fallbackMessage = document.getElementById('hubspot-fallback-message');\n      \n      if (!hubspotContainer || !fallbackMessage || fallbackShown) {\n        return;\n      }\n\n      \/\/ Check for various HubSpot form elements\n      const hsForm = hubspotContainer.querySelector('.hs-form');\n      const hsIframe = hubspotContainer.querySelector('.hs-form-iframe');\n      const hsScript = hubspotContainer.querySelector('script[src*=\"js.hsforms.net\"]');\n      const hasHubSpotContent = hubspotContainer.innerHTML.trim().length > 0;\n\n      if (hsForm || hsIframe || hsScript) {\n        formDetected = true;\n      } else if (hasHubSpotContent && !formDetected) {\n        \/\/ If there's content but no recognizable HubSpot elements after timeout, show fallback\n        setTimeout(function() {\n          if (!formDetected && !fallbackShown) {\n            fallbackMessage.style.display = 'block';\n            hubspotContainer.style.display = 'none';\n            fallbackShown = true;\n          }\n        }, 2000);\n      } else if (!hasHubSpotContent) {\n        \/\/ If container is completely empty, show fallback immediately\n        fallbackMessage.style.display = 'block';\n        hubspotContainer.style.display = 'none';\n        fallbackShown = true;\n      }\n    }\n\n    \/\/ Initial check\n    setTimeout(checkForHubSpotForm, 1000);\n    \n    \/\/ Additional checks at intervals\n    setTimeout(checkForHubSpotForm, 3000);\n\n    setTimeout(function() {\n      const fieldElement = document.querySelector('input[name=lead_source_description]');\n      let iframe = document.querySelector('.hs-form-iframe');\n\n      if (iframe && iframe?.contentWindow) {\n        let iframeDocument = iframe.contentWindow.document;\n        let input = iframeDocument.querySelector('input[name=lead_source_description]');\n        if (input) {\n          input.value = 'Employee Development &#038; Retention';\n        }\n      }\n    }, 5000);\n  });\n<\/script>","protected":false},"excerpt":{"rendered":"","protected":false},"author":7,"featured_media":0,"parent":0,"menu_order":15,"comment_status":"closed","ping_status":"closed","template":"","meta":{"_acf_changed":false,"content-type":"","footnotes":""},"tax\/tags":[605,583,592],"tax\/topics":[610,549],"class_list":["post-37290","page","type-page","status-publish","hentry"],"acf":[],"_links":{"self":[{"href":"https:\/\/www.totara.com\/es\/wp-json\/wp\/v2\/pages\/37290","targetHints":{"allow":["GET"]}}],"collection":[{"href":"https:\/\/www.totara.com\/es\/wp-json\/wp\/v2\/pages"}],"about":[{"href":"https:\/\/www.totara.com\/es\/wp-json\/wp\/v2\/types\/page"}],"author":[{"embeddable":true,"href":"https:\/\/www.totara.com\/es\/wp-json\/wp\/v2\/users\/7"}],"replies":[{"embeddable":true,"href":"https:\/\/www.totara.com\/es\/wp-json\/wp\/v2\/comments?post=37290"}],"version-history":[{"count":2,"href":"https:\/\/www.totara.com\/es\/wp-json\/wp\/v2\/pages\/37290\/revisions"}],"predecessor-version":[{"id":65392,"href":"https:\/\/www.totara.com\/es\/wp-json\/wp\/v2\/pages\/37290\/revisions\/65392"}],"wp:attachment":[{"href":"https:\/\/www.totara.com\/es\/wp-json\/wp\/v2\/media?parent=37290"}],"wp:term":[{"taxonomy":"tag","embeddable":true,"href":"https:\/\/www.totara.com\/es\/wp-json\/wp\/v2\/tax\/tags?post=37290"},{"taxonomy":"topic","embeddable":true,"href":"https:\/\/www.totara.com\/es\/wp-json\/wp\/v2\/tax\/topics?post=37290"}],"curies":[{"name":"wp","href":"https:\/\/api.w.org\/{rel}","templated":true}]}}