{"id":36815,"date":"2022-12-06T09:10:51","date_gmt":"2022-12-06T09:10:51","guid":{"rendered":"https:\/\/www.totara.com\/thank-you-for-registering\/"},"modified":"2024-11-07T10:43:37","modified_gmt":"2024-11-07T10:43:37","slug":"thank-you-for-registering","status":"publish","type":"page","link":"https:\/\/www.totara.com\/es\/thank-you-for-registering\/","title":{"rendered":"Gracias por registrarte"},"content":{"rendered":"\n<div class='standard-header-container themeMidBlue ' style=\"\">\n  <div class='backgroundImageWrapper'>\n    <img decoding=\"async\"\n      class='backgroundImage' \n      loading=\"lazy\"\n      src=\"https:\/\/www.totara.com\/wp-content\/themes\/totara\/assets\/images\/bg-standard-hero-mid-blue.png\"  \n      sizes=\"100vw\"\n      alt=\"Background pattern\"\n    \/>\n  <\/div>\n  <div class='wrapper'>\n    <div class='detailsWrapper'>\n      <div class='details'>\n                          <h1 class='title  fontLight'>Gracias por registrarte\n<\/h1>\n                              <\/div>\n    <\/div>\n    \n        \n  <\/div>\n<\/div>\n\n\n<div class='text-block-container MobileAlignment DesktopAlignment'>\n  <div class='wrapper'>\n    <div class='richText'>\n      <h5>Gracias por enviar tus datos.<\/h5>\n<p>En breve recibir\u00e1s un correo electr\u00f3nico de la Comunidad Totara con la confirmaci\u00f3n de tu registro en el seminario web.<\/p>\n<ul>\n<li><a href=\"https:\/\/www.totara.com\/es\/eventos\/\" data-cke-saved-href=\"\/es\/events\">Ve m\u00e1s webinars pr\u00f3ximos<\/a><\/li>\n<li><a href=\"https:\/\/www.totara.com\/es\/comunidad\/\" data-entity-substitution=\"canonical\" data-entity-type=\"node\" data-entity-uuid=\"aa1de447-e1c3-49f6-b034-ad48b50c4d2f\" data-cke-saved-href=\"https:\/\/www.totara.com\/es\/historias-de-clientes\/easyjet-drives-a-702010-learning-culture-across-seven-countries\/frame-23023x-2\/\">Ve los webinars grabados cuando te unas a la comunidad de Totara<\/a><\/li>\n<\/ul>\n    <\/div>\n      <\/div>\n<\/div>","protected":false},"excerpt":{"rendered":"","protected":false},"author":7,"featured_media":0,"parent":0,"menu_order":0,"comment_status":"closed","ping_status":"closed","template":"","meta":{"_acf_changed":false,"content-type":"","footnotes":""},"tax\/tags":[],"tax\/topics":[],"class_list":["post-36815","page","type-page","status-publish","hentry"],"acf":[],"_links":{"self":[{"href":"https:\/\/www.totara.com\/es\/wp-json\/wp\/v2\/pages\/36815","targetHints":{"allow":["GET"]}}],"collection":[{"href":"https:\/\/www.totara.com\/es\/wp-json\/wp\/v2\/pages"}],"about":[{"href":"https:\/\/www.totara.com\/es\/wp-json\/wp\/v2\/types\/page"}],"author":[{"embeddable":true,"href":"https:\/\/www.totara.com\/es\/wp-json\/wp\/v2\/users\/7"}],"replies":[{"embeddable":true,"href":"https:\/\/www.totara.com\/es\/wp-json\/wp\/v2\/comments?post=36815"}],"version-history":[{"count":2,"href":"https:\/\/www.totara.com\/es\/wp-json\/wp\/v2\/pages\/36815\/revisions"}],"predecessor-version":[{"id":63719,"href":"https:\/\/www.totara.com\/es\/wp-json\/wp\/v2\/pages\/36815\/revisions\/63719"}],"wp:attachment":[{"href":"https:\/\/www.totara.com\/es\/wp-json\/wp\/v2\/media?parent=36815"}],"wp:term":[{"taxonomy":"tag","embeddable":true,"href":"https:\/\/www.totara.com\/es\/wp-json\/wp\/v2\/tax\/tags?post=36815"},{"taxonomy":"topic","embeddable":true,"href":"https:\/\/www.totara.com\/es\/wp-json\/wp\/v2\/tax\/topics?post=36815"}],"curies":[{"name":"wp","href":"https:\/\/api.w.org\/{rel}","templated":true}]}}