{"id":36801,"date":"2022-12-06T08:51:56","date_gmt":"2022-12-06T08:51:56","guid":{"rendered":"https:\/\/www.totara.com\/thank-you-for-requesting-a-demo\/"},"modified":"2024-08-02T20:44:42","modified_gmt":"2024-08-02T20:44:42","slug":"vielen-dank-demonstration","status":"publish","type":"page","link":"https:\/\/www.totara.com\/de\/vielen-dank-demonstration\/","title":{"rendered":"Vielen Dank &#8211; Demonstration"},"content":{"rendered":"\n<div class='standard-header-container themeTeal ' style=\"\">\n  <div class='backgroundImageWrapper'>\n    <img decoding=\"async\"\n      class='backgroundImage' \n      loading=\"lazy\"\n      src=\"https:\/\/www.totara.com\/wp-content\/themes\/totara\/assets\/images\/bg-standard-hero-teal.png\"  \n      sizes=\"100vw\"\n      alt=\"Background pattern\"\n    \/>\n  <\/div>\n  <div class='wrapper'>\n    <div class='detailsWrapper'>\n      <div class='details'>\n                          <h1 class='title  '>Vielen Dank\n<\/h1>\n                              <\/div>\n    <\/div>\n    \n        \n  <\/div>\n<\/div>\n<div class='text-block-container MobileAlignment DesktopAlignment'>\n  <div class='wrapper'>\n    <div class='richText'>\n      <h5>Vielen Dank, dass Sie eine Demonstration angefordert haben.<\/h5>\n<p class=\"\">Totara-L\u00f6sungen werden Organisationen \u00fcber unser umfangreiches Partnernetzwerk zur Verf\u00fcgung gestellt. Sie werden in K\u00fcrze kontaktiert.<\/p>\n<p><a href=\"\/de\/partners\">Hier finden Sie alle Totara-Partner aufgelistet<\/a>Schauen Sie doch in der Zwischenzeit mal rein:<\/p>\n<ul>\n<li><a href=\"\/de\/kunden\" data-cke-saved-href=\"\/de\/kunden\">Inspirierende Kundengeschichten<\/a><\/li>\n<li><a href=\"\/de\/veranstaltungen\" data-cke-saved-href=\"\/de\/veranstaltungen\">Webinare und Veranstaltungen<\/a><\/li>\n<\/ul>\n    <\/div>\n      <\/div>\n<\/div>","protected":false},"excerpt":{"rendered":"","protected":false},"author":7,"featured_media":0,"parent":0,"menu_order":0,"comment_status":"closed","ping_status":"closed","template":"","meta":{"_acf_changed":false,"content-type":"","footnotes":""},"tax\/tags":[],"tax\/topics":[],"class_list":["post-36801","page","type-page","status-publish","hentry"],"acf":[],"_links":{"self":[{"href":"https:\/\/www.totara.com\/de\/wp-json\/wp\/v2\/pages\/36801","targetHints":{"allow":["GET"]}}],"collection":[{"href":"https:\/\/www.totara.com\/de\/wp-json\/wp\/v2\/pages"}],"about":[{"href":"https:\/\/www.totara.com\/de\/wp-json\/wp\/v2\/types\/page"}],"author":[{"embeddable":true,"href":"https:\/\/www.totara.com\/de\/wp-json\/wp\/v2\/users\/7"}],"replies":[{"embeddable":true,"href":"https:\/\/www.totara.com\/de\/wp-json\/wp\/v2\/comments?post=36801"}],"version-history":[{"count":2,"href":"https:\/\/www.totara.com\/de\/wp-json\/wp\/v2\/pages\/36801\/revisions"}],"predecessor-version":[{"id":44775,"href":"https:\/\/www.totara.com\/de\/wp-json\/wp\/v2\/pages\/36801\/revisions\/44775"}],"wp:attachment":[{"href":"https:\/\/www.totara.com\/de\/wp-json\/wp\/v2\/media?parent=36801"}],"wp:term":[{"taxonomy":"tag","embeddable":true,"href":"https:\/\/www.totara.com\/de\/wp-json\/wp\/v2\/tax\/tags?post=36801"},{"taxonomy":"topic","embeddable":true,"href":"https:\/\/www.totara.com\/de\/wp-json\/wp\/v2\/tax\/topics?post=36801"}],"curies":[{"name":"wp","href":"https:\/\/api.w.org\/{rel}","templated":true}]}}